{"id":222,"date":"2019-06-24T20:47:06","date_gmt":"2019-06-24T20:47:06","guid":{"rendered":"https:\/\/leap-dynamics.com\/?page_id=222"},"modified":"2025-03-15T11:45:16","modified_gmt":"2025-03-15T10:45:16","slug":"home-2","status":"publish","type":"page","link":"https:\/\/leap-dynamics.com\/?page_id=222&lang=de","title":{"rendered":"HOME"},"content":{"rendered":"\n<div class=\"wp-block-columns is-layout-flex wp-container-core-columns-is-layout-9d6595d7 wp-block-columns-is-layout-flex\">\n<div class=\"wp-block-column is-layout-flow wp-block-column-is-layout-flow\" style=\"flex-basis:100%\"><div class=\"wp-block-image\">\n<figure class=\"aligncenter size-large is-resized\"><img loading=\"lazy\" decoding=\"async\" width=\"1024\" height=\"609\" src=\"https:\/\/leap-dynamics.com\/wp-content\/uploads\/2023\/04\/LOGO-1-1024x609.png\" alt=\"\" class=\"wp-image-412\" style=\"width:512px;height:305px\" srcset=\"https:\/\/leap-dynamics.com\/wp-content\/uploads\/2023\/04\/LOGO-1-1024x609.png 1024w, https:\/\/leap-dynamics.com\/wp-content\/uploads\/2023\/04\/LOGO-1-300x178.png 300w, https:\/\/leap-dynamics.com\/wp-content\/uploads\/2023\/04\/LOGO-1-768x457.png 768w, https:\/\/leap-dynamics.com\/wp-content\/uploads\/2023\/04\/LOGO-1-1536x913.png 1536w, https:\/\/leap-dynamics.com\/wp-content\/uploads\/2023\/04\/LOGO-1-2048x1217.png 2048w\" sizes=\"auto, (max-width: 767px) 89vw, (max-width: 1000px) 54vw, (max-width: 1071px) 543px, 580px\" \/><\/figure>\n<\/div><\/div>\n<\/div>\n\n\n\n<p><mark style=\"background-color:rgba(0, 0, 0, 0)\" class=\"has-inline-color has-white-color\">.<\/mark><\/p>\n\n\n\n<p class=\"has-text-align-center\">Willkommen bei Leap Dynamics. Wir sind auf die Bereitstellung ma\u00dfgeschneiderter L\u00f6sungen f\u00fcr Datenanalyse und -visualisierung, Bioinformatik, Statistik sowie Beratung spezialisiert. Unser Team aus Data Science Experten und Bioinformatikern wird Ihnen und Ihrem Unternehmen helfen, komplexe Datens\u00e4tze in handlungsf\u00e4hige Erkenntnisse umzuwandeln.<\/p>\n\n\n\n<p><mark style=\"background-color:rgba(0, 0, 0, 0)\" class=\"has-inline-color has-white-color\">.<\/mark><\/p>\n\n\n\n<p class=\"has-text-align-center\">Unsere Kunden und Partner:<\/p>\n\n\n\n<p><mark style=\"background-color:rgba(0, 0, 0, 0)\" class=\"has-inline-color has-white-color\">.<\/mark><\/p>\n\n\n\n<div class=\"wp-block-columns is-layout-flex wp-container-core-columns-is-layout-9d6595d7 wp-block-columns-is-layout-flex\">\n<div class=\"wp-block-column is-layout-flow wp-block-column-is-layout-flow\">\n<figure class=\"wp-block-image size-large is-resized\"><a href=\"https:\/\/www.ibb.de\/de\/startseite\/startseite.html\"><img loading=\"lazy\" decoding=\"async\" width=\"1024\" height=\"300\" src=\"https:\/\/leap-dynamics.com\/wp-content\/uploads\/2022\/08\/IBB_Business_Team_Logo_RGB-1-1024x300.jpg\" alt=\"\" class=\"wp-image-383\" style=\"width:203px;height:59px\" srcset=\"https:\/\/leap-dynamics.com\/wp-content\/uploads\/2022\/08\/IBB_Business_Team_Logo_RGB-1-1024x300.jpg 1024w, https:\/\/leap-dynamics.com\/wp-content\/uploads\/2022\/08\/IBB_Business_Team_Logo_RGB-1-300x88.jpg 300w, https:\/\/leap-dynamics.com\/wp-content\/uploads\/2022\/08\/IBB_Business_Team_Logo_RGB-1-768x225.jpg 768w, https:\/\/leap-dynamics.com\/wp-content\/uploads\/2022\/08\/IBB_Business_Team_Logo_RGB-1-1536x450.jpg 1536w, https:\/\/leap-dynamics.com\/wp-content\/uploads\/2022\/08\/IBB_Business_Team_Logo_RGB-1.jpg 1995w\" sizes=\"auto, (max-width: 767px) 89vw, (max-width: 1000px) 54vw, (max-width: 1071px) 543px, 580px\" \/><\/a><\/figure>\n<\/div>\n\n\n\n<div class=\"wp-block-column is-layout-flow wp-block-column-is-layout-flow\">\n<figure class=\"wp-block-image size-full is-resized\"><img loading=\"lazy\" decoding=\"async\" width=\"263\" height=\"251\" src=\"https:\/\/leap-dynamics.com\/wp-content\/uploads\/2022\/08\/logo_MU_Pleven-1.png\" alt=\"\" class=\"wp-image-384\" style=\"width:202px;height:192px\"\/><\/figure>\n<\/div>\n\n\n\n<div class=\"wp-block-column is-layout-flow wp-block-column-is-layout-flow\">\n<figure class=\"wp-block-image size-full\"><a href=\"https:\/\/stiftung-gegm.de\/\"><img loading=\"lazy\" decoding=\"async\" width=\"411\" height=\"206\" src=\"https:\/\/leap-dynamics.com\/wp-content\/uploads\/2022\/08\/1_GEGM_Logo_2021.png\" alt=\"\" class=\"wp-image-371\" srcset=\"https:\/\/leap-dynamics.com\/wp-content\/uploads\/2022\/08\/1_GEGM_Logo_2021.png 411w, https:\/\/leap-dynamics.com\/wp-content\/uploads\/2022\/08\/1_GEGM_Logo_2021-300x150.png 300w\" sizes=\"auto, (max-width: 411px) 100vw, 411px\" \/><\/a><\/figure>\n\n\n\n<figure class=\"wp-block-image is-resized\"><a href=\"https:\/\/net4ai.de\/\"><img loading=\"lazy\" decoding=\"async\" width=\"800\" height=\"248\" src=\"https:\/\/leap-dynamics.com\/wp-content\/uploads\/2024\/08\/NET4AI-Logo-RGB-black.jpg\" alt=\"\" class=\"wp-image-515\" style=\"width:203px;height:auto\" srcset=\"https:\/\/leap-dynamics.com\/wp-content\/uploads\/2024\/08\/NET4AI-Logo-RGB-black.jpg 800w, https:\/\/leap-dynamics.com\/wp-content\/uploads\/2024\/08\/NET4AI-Logo-RGB-black-300x93.jpg 300w, https:\/\/leap-dynamics.com\/wp-content\/uploads\/2024\/08\/NET4AI-Logo-RGB-black-768x238.jpg 768w\" sizes=\"auto, (max-width: 767px) 89vw, (max-width: 1000px) 54vw, (max-width: 1071px) 543px, 580px\" \/><\/a><\/figure>\n<\/div>\n<\/div>\n\n\n\n<figure class=\"wp-block-image\"><a href=\"https:\/\/cosmos-biobank.eu\/\"><img loading=\"lazy\" decoding=\"async\" width=\"790\" height=\"129\" src=\"https:\/\/leap-dynamics.com\/wp-content\/uploads\/2024\/08\/Folie1.png\" alt=\"\" class=\"wp-image-521\" srcset=\"https:\/\/leap-dynamics.com\/wp-content\/uploads\/2024\/08\/Folie1.png 790w, https:\/\/leap-dynamics.com\/wp-content\/uploads\/2024\/08\/Folie1-300x49.png 300w, https:\/\/leap-dynamics.com\/wp-content\/uploads\/2024\/08\/Folie1-768x125.png 768w\" sizes=\"auto, (max-width: 767px) 89vw, (max-width: 1000px) 54vw, (max-width: 1071px) 543px, 580px\" \/><\/a><\/figure>\n\n\n\n<figure class=\"wp-block-image size-full\"><a href=\"https:\/\/www.bvmw.de\/\"><img loading=\"lazy\" decoding=\"async\" width=\"329\" height=\"187\" src=\"https:\/\/leap-dynamics.com\/wp-content\/uploads\/2025\/03\/Mitgliedsunternehmen-Der-Mittelstand-BVMW-Bundesverband1-1.png\" alt=\"\" class=\"wp-image-586\" srcset=\"https:\/\/leap-dynamics.com\/wp-content\/uploads\/2025\/03\/Mitgliedsunternehmen-Der-Mittelstand-BVMW-Bundesverband1-1.png 329w, https:\/\/leap-dynamics.com\/wp-content\/uploads\/2025\/03\/Mitgliedsunternehmen-Der-Mittelstand-BVMW-Bundesverband1-1-300x171.png 300w\" sizes=\"auto, (max-width: 329px) 100vw, 329px\" \/><\/a><\/figure>\n\n\n\n<p><\/p>\n","protected":false},"excerpt":{"rendered":"<p>. Willkommen bei Leap Dynamics. Wir sind auf die Bereitstellung ma\u00dfgeschneiderter L\u00f6sungen f\u00fcr Datenanalyse und -visualisierung, Bioinformatik, Statistik sowie Beratung spezialisiert. Unser Team aus Data Science Experten und Bioinformatikern wird &hellip; <\/p>\n<p class=\"link-more\"><a href=\"https:\/\/leap-dynamics.com\/?page_id=222&#038;lang=de\" class=\"more-link\">Continue reading<span class=\"screen-reader-text\"> &#8220;HOME&#8221;<\/span><\/a><\/p>\n","protected":false},"author":2,"featured_media":0,"parent":0,"menu_order":0,"comment_status":"closed","ping_status":"open","template":"","meta":{"om_disable_all_campaigns":false,"_monsterinsights_skip_tracking":false,"_monsterinsights_sitenote_active":false,"_monsterinsights_sitenote_note":"","_monsterinsights_sitenote_category":0,"footnotes":""},"class_list":["post-222","page","type-page","status-publish","hentry"],"aioseo_notices":[],"_links":{"self":[{"href":"https:\/\/leap-dynamics.com\/index.php?rest_route=\/wp\/v2\/pages\/222","targetHints":{"allow":["GET"]}}],"collection":[{"href":"https:\/\/leap-dynamics.com\/index.php?rest_route=\/wp\/v2\/pages"}],"about":[{"href":"https:\/\/leap-dynamics.com\/index.php?rest_route=\/wp\/v2\/types\/page"}],"author":[{"embeddable":true,"href":"https:\/\/leap-dynamics.com\/index.php?rest_route=\/wp\/v2\/users\/2"}],"replies":[{"embeddable":true,"href":"https:\/\/leap-dynamics.com\/index.php?rest_route=%2Fwp%2Fv2%2Fcomments&post=222"}],"version-history":[{"count":25,"href":"https:\/\/leap-dynamics.com\/index.php?rest_route=\/wp\/v2\/pages\/222\/revisions"}],"predecessor-version":[{"id":613,"href":"https:\/\/leap-dynamics.com\/index.php?rest_route=\/wp\/v2\/pages\/222\/revisions\/613"}],"wp:attachment":[{"href":"https:\/\/leap-dynamics.com\/index.php?rest_route=%2Fwp%2Fv2%2Fmedia&parent=222"}],"curies":[{"name":"wp","href":"https:\/\/api.w.org\/{rel}","templated":true}]}}